{"id":10,"date":"2013-08-12T13:42:18","date_gmt":"2013-08-12T11:42:18","guid":{"rendered":"http:\/\/der-foerderverein-in-rostock.de\/?page_id=10"},"modified":"2014-12-06T18:51:26","modified_gmt":"2014-12-06T17:51:26","slug":"gaestebuch","status":"publish","type":"page","link":"http:\/\/der-foerderverein-in-rostock.de\/?page_id=10","title":{"rendered":"G\u00e4stebuch"},"content":{"rendered":"<div class=\"gwolle-gb\"><div class=\"gwolle_gb_messages_top_container\"><\/div>\n\t\t\t<div class=\"gwolle-gb-write-button\">\n\t\t\t\t<input type=\"button\" name=\"gwolle-gb-write-button\" class=\"button btn btn-default \" value=\"Neuen Eintrag schreiben\" \/>\n\t\t\t<\/div>\n\t\t\t<form action=\"#\" method=\"POST\" class=\"gwolle-gb-write gwolle-gb-hide gwolle-gb-float gwolle_gb_form_ajax gwolle-gb-form-ajax gwolle-gb-ajax gwolle-gb-not-logged-in\">\n\t\t\t\t<h3>Schreibe einen neuen Eintrag<\/h3>\n\t\t\t\t<button type=\"button\" class=\"gb-notice-dismiss\">x<span class=\"screen-reader-text\">Dieses Formular ausblenden<\/span><\/button>\n\t\t\t\n\t\t\t\t<input type=\"hidden\" name=\"gwolle_gb_function\" class=\"gwolle_gb_function\" value=\"add_entry\" \/><input type=\"hidden\" name=\"gwolle_gb_book_id\" class=\"gwolle_gb_book_id\" value=\"1\" \/><div class=\"gwolle_gb_b8d6e9cd1b5b38295ea7f24c8b4027c8\">\n\t\t\t\t<div class=\"label\"><label for=\"gwolle_gb_b8d6e9cd1b5b38295ea7f24c8b4027c8\" class=\"text-info\">Name <span class=\"required\">*<\/span><\/label><\/div>\n\t\t\t\t<div class=\"input\"><input class=\"wp-exclude-emoji gwolle_gb_b8d6e9cd1b5b38295ea7f24c8b4027c8\" value=\"\" type=\"text\" name=\"gwolle_gb_b8d6e9cd1b5b38295ea7f24c8b4027c8\" required \/><\/div>\n\t\t\t\t<div class=\"clearBoth\">&nbsp;<\/div>\n\t\t\t<\/div><div class=\"gwolle_gb_9321983b53cb6d6b3dfee6d7af119f8e\">\n\t\t\t\t\t<div class=\"label\"><label for=\"gwolle_gb_9321983b53cb6d6b3dfee6d7af119f8e\" class=\"text-info\">Ort<\/label><\/div>\n\t\t\t\t\t<div class=\"input\"><input class=\"wp-exclude-emoji gwolle_gb_9321983b53cb6d6b3dfee6d7af119f8e\" value=\"\" type=\"text\" name=\"gwolle_gb_9321983b53cb6d6b3dfee6d7af119f8e\" \/><\/div>\n\t\t\t\t\t<div class=\"clearBoth\">&nbsp;<\/div>\n\t\t\t\t<\/div><div class=\"gwolle_gb_c2129d7a01c9a0b3b025b88332498133\">\n\t\t\t\t<div class=\"label\"><label for=\"gwolle_gb_c2129d7a01c9a0b3b025b88332498133\" class=\"text-info\">E-Mail <span class=\"required\">*<\/span><\/label><\/div>\n\t\t\t\t<div class=\"input\"><input class=\"gwolle_gb_c2129d7a01c9a0b3b025b88332498133\" value=\"\" type=\"email\" name=\"gwolle_gb_c2129d7a01c9a0b3b025b88332498133\" required \/><\/div>\n\t\t\t\t<div class=\"clearBoth\">&nbsp;<\/div>\n\t\t\t<\/div><div class=\"gwolle_gb_c382f8a19298680597a2f72634407028\">\n\t\t\t\t<div class=\"label\"><label for=\"gwolle_gb_c382f8a19298680597a2f72634407028\" class=\"text-info\">Website<\/label><\/div>\n\t\t\t\t<div class=\"input\"><input class=\"gwolle_gb_c382f8a19298680597a2f72634407028\" value=\"\" type=\"url\" name=\"gwolle_gb_c382f8a19298680597a2f72634407028\" \/><\/div>\n\t\t\t\t<div class=\"clearBoth\">&nbsp;<\/div>\n\t\t\t<\/div>\n\t\t\t<div class=\"gwolle_gb_508a86d1c88b9d264fd3536cc6598a38\" style=\"display:none;\">\n\t\t\t\t<div class=\"label\">\n\t\t\t\t\t<label for=\"gwolle_gb_508a86d1c88b9d264fd3536cc6598a38\" class=\"text-primary\">Hier nichts eingeben<\/label>\n\t\t\t\t\t<label for=\"gwolle_gb_4c00bbbcca301dcbc9c1e3561ce77371\" class=\"text-primary\">Hier nichts eingeben<\/label>\n\t\t\t\t<\/div>\n\t\t\t\t<div class=\"input\">\n\t\t\t\t\t<input value=\"48\" type=\"text\" name=\"gwolle_gb_508a86d1c88b9d264fd3536cc6598a38\" class=\"gwolle_gb_508a86d1c88b9d264fd3536cc6598a38\" \/>\n\t\t\t\t\t<input value=\"\" type=\"text\" name=\"gwolle_gb_4c00bbbcca301dcbc9c1e3561ce77371\" class=\"gwolle_gb_4c00bbbcca301dcbc9c1e3561ce77371\" \/>\n\t\t\t\t<\/div>\n\t\t\t\t<div class=\"clearBoth\"><\/div>\n\t\t\t<\/div>\n\t\t\t<div class=\"gwolle_gb_23107eee982dcb821ed3a236478d47d5\" style=\"display:none;\">\n\t\t\t\t<div class=\"label\">\n\t\t\t\t\t<label for=\"gwolle_gb_23107eee982dcb821ed3a236478d47d5\" class=\"text-primary\">Hier nichts eingeben<\/label>\n\t\t\t\t\t<label for=\"gwolle_gb_97f32e47359c7cc87d3463711bd84357\" class=\"text-primary\">Hier nichts eingeben<\/label>\n\t\t\t\t<\/div>\n\t\t\t\t<div class=\"input\">\n\t\t\t\t\t<input value=\"34880\" type=\"text\" name=\"gwolle_gb_23107eee982dcb821ed3a236478d47d5\" class=\"gwolle_gb_23107eee982dcb821ed3a236478d47d5\" \/>\n\t\t\t\t\t<input value=\"34880\" type=\"text\" name=\"gwolle_gb_97f32e47359c7cc87d3463711bd84357\" class=\"gwolle_gb_97f32e47359c7cc87d3463711bd84357\" \/>\n\t\t\t\t<\/div>\n\t\t\t\t<div class=\"clearBoth\"><\/div>\n\t\t\t<\/div><div class=\"gwolle_gb_content\">\n\t\t\t\t<div class=\"label\"><label for=\"gwolle_gb_content\" class=\"text-info\">G\u00e4stebucheintrag <span class=\"required\">*<\/span><\/label><\/div>\n\t\t\t\t<div class=\"input\"><textarea name=\"gwolle_gb_content\" class=\"gwolle_gb_content wp-exclude-emoji\" required ><\/textarea><\/div>\n\t\t\t\t\t<div class=\"clearBoth\">&nbsp;<\/div>\n\t\t\t\t<\/div><input type=\"hidden\" class=\"gwolle_gb_2ba2c90880c15b35bce70d41cc7e2b8c\" name=\"gwolle_gb_2ba2c90880c15b35bce70d41cc7e2b8c\" value=\"7b58340bf4\" \/>\n\t\t\t<div class=\"gwolle_gb_messages_bottom_container\"><\/div>\n\n\t\t\t<noscript><div class=\"no-js\">Warnung: Dieses Formular kann nur verwendet werden, wenn in deinem Browser JavaScript aktiviert ist.<\/div><\/noscript>\n\n\t\t\t<div class=\"gwolle_gb_submit\">\n\t\t\t\t<div class=\"label gwolle-gb-invisible text-muted\">&nbsp;<\/div>\n\t\t\t\t<div class=\"input\">\n\t\t\t\t\t<input type=\"submit\" name=\"gwolle_gb_submit\" class=\"gwolle_gb_submit button btn btn-primary \" value=\"Absenden\" \/>\n\t\t\t\t\t<span class=\"gwolle_gb_submit_ajax_icon\"><\/span>\n\t\t\t\n\t\t\t\t<\/div>\n\t\t\t\t<div class=\"clearBoth\">&nbsp;<\/div>\n\t\t\t<\/div>\n\n\t\t\t<div class=\"gwolle_gb_notice\">\n\t\t\t\tMit * gekennzeichnete Felder sind obligatorisch.<br \/>\r\nIhre E- Mail-Adresse wird nicht ver\u00f6ffentlicht.<br \/>\r\nAus Sicherheitsgr\u00fcnden speichern wir die IP-Adresse.<br \/>\r\nWir behalten uns das Recht vor zu bearbeiten, zu l\u00f6schen oder die Eintr\u00e4ge nicht zuver\u00f6ffentlichen .\n\t\t\t<\/div><\/form><div class=\"gwolle-gb-read gwolle-gb-ajax gwolle-gb-entries-list\" data-book_id=\"1\">(Noch keine Eintr\u00e4ge)<\/div><\/div>\n","protected":false},"excerpt":{"rendered":"","protected":false},"author":1,"featured_media":0,"parent":0,"menu_order":5,"comment_status":"closed","ping_status":"closed","template":"","meta":[],"_links":{"self":[{"href":"http:\/\/der-foerderverein-in-rostock.de\/index.php?rest_route=\/wp\/v2\/pages\/10"}],"collection":[{"href":"http:\/\/der-foerderverein-in-rostock.de\/index.php?rest_route=\/wp\/v2\/pages"}],"about":[{"href":"http:\/\/der-foerderverein-in-rostock.de\/index.php?rest_route=\/wp\/v2\/types\/page"}],"author":[{"embeddable":true,"href":"http:\/\/der-foerderverein-in-rostock.de\/index.php?rest_route=\/wp\/v2\/users\/1"}],"replies":[{"embeddable":true,"href":"http:\/\/der-foerderverein-in-rostock.de\/index.php?rest_route=%2Fwp%2Fv2%2Fcomments&post=10"}],"version-history":[{"count":3,"href":"http:\/\/der-foerderverein-in-rostock.de\/index.php?rest_route=\/wp\/v2\/pages\/10\/revisions"}],"predecessor-version":[{"id":421,"href":"http:\/\/der-foerderverein-in-rostock.de\/index.php?rest_route=\/wp\/v2\/pages\/10\/revisions\/421"}],"wp:attachment":[{"href":"http:\/\/der-foerderverein-in-rostock.de\/index.php?rest_route=%2Fwp%2Fv2%2Fmedia&parent=10"}],"curies":[{"name":"wp","href":"https:\/\/api.w.org\/{rel}","templated":true}]}}