{"id":129,"date":"2013-08-15T17:37:12","date_gmt":"2013-08-15T15:37:12","guid":{"rendered":"http:\/\/der-foerderverein-in-rostock.de\/?page_id=129"},"modified":"2022-01-16T14:34:54","modified_gmt":"2022-01-16T13:34:54","slug":"zuwendungspende","status":"publish","type":"page","link":"http:\/\/der-foerderverein-in-rostock.de\/?page_id=129","title":{"rendered":"Zuwendung\/Spende"},"content":{"rendered":"<p>Grunds\u00e4tzlich steht der F\u00f6rderverein jeglicher Art von Zuwendungen bzw. Spenden aufgeschlossen gegen\u00fcber. Jede F\u00f6rderung, in welcher Form und H\u00f6he auch immer, bringt uns dem Ziel n\u00e4her, den Eishockeysport im Nachwuchsbereich in der Region Rostock fest zu etablieren.<\/p>\n<p>Haben Sie diesbez\u00fcglich Fragen oder w\u00fcnschen Sie ein pers\u00f6nliches Gespr\u00e4ch, dann wenden Sie sich bitte telefonisch oder per Mail an:<\/p>\n<p class=\"has-text-align-center\"><strong>Lennart Scheltz (1.Vorsitzender)<br \/>\n<\/strong><\/p>\n<p class=\"has-text-align-center\"><strong>Tel. 0176-57823944<\/strong><\/p>\n<p class=\"has-text-align-center\"><strong>Email: <span id=\"wpmt-417779-599406\">lennart.scheltz@der-foerderverein-in-rostock.de<\/span><\/strong><\/p>\n<p style=\"text-align: center;\">bzw.<\/p>\n<p class=\"has-text-align-center\"><strong>Lukas Richter (2.Vorsitzender)<br \/>\n<\/strong><\/p>\n<p class=\"has-text-align-center\"><strong>Tel. 0176-57911672<\/strong><\/p>\n<p class=\"has-text-align-center\"><strong>Email: lukas.richter<span id=\"wpmt-417779-599406\">@der-foerderverein-in-rostock.de<\/span><\/strong><\/p>\n<p>Die Vorstandsmitglieder stehen Ihnen gerne mit Rat und Tat zur Seite und finden f\u00fcr alle Fragen eine L\u00f6sung. Vielen Dank schon einmal im voraus f\u00fcr Ihr Vertrauen.<\/p>\n<p>F\u00fcr eine finanzielle Zuwendung nutzen Sie bitte den angef\u00fcgten Download. Hier haben Sie auch die M\u00f6glichkeit unter Angabe des Verwendungszwecks Ihre Spende zielgerichtet zu plazieren.<\/p>\n<p>Und so gehts:<\/p>\n<ul>\n<li>Vorlage\/Formular downloaden bzw. mit dem Befehl &#8222;\u00d6ffnen mit&#8220; mit dem Acrobat Reader o.\u00e4. \u00f6ffnen<\/li>\n<li>Ihre Daten &#8222;direkt im Formular&#8220; (ausf\u00fcllbares Pdf-Dokument) eintragen<\/li>\n<li>die Unterlagen ausdrucken ggf. unterzeichnen<\/li>\n<li>per Post (bitte ausreichend frankieren), per Fax (03212-1139847) oder Einscannen\/ per Mail an info@fv-re.de zur\u00fcck an uns<\/li>\n<\/ul>\n<p>Der F\u00f6rderverein und der Nachwuchs des REC bedanken sich auf diesem Wege bei den derzeitigen bzw. zuk\u00fcnftigen Sponsoren\/F\u00f6rderern f\u00fcr Ihre tatkr\u00e4ftige und finanzielle Unterst\u00fctzung.<\/p>\n<p style=\"text-align: center;\">Bei uns ist Ihre Spende in guten H\u00e4nden!<\/p>\n<p style=\"text-align: center;\">Vielen Dank!!!!<\/p>\n<p style=\"text-align: center;\">[wpdm_package id=&#8217;444&#8242;]<\/p>\n","protected":false},"excerpt":{"rendered":"<p>Grunds\u00e4tzlich steht der F\u00f6rderverein jeglicher Art von Zuwendungen bzw. Spenden aufgeschlossen gegen\u00fcber. Jede F\u00f6rderung, in welcher Form und H\u00f6he auch immer, bringt uns dem Ziel n\u00e4her, den Eishockeysport im Nachwuchsbereich in der Region Rostock fest zu etablieren. Haben Sie diesbez\u00fcglich Fragen oder w\u00fcnschen Sie ein pers\u00f6nliches Gespr\u00e4ch, dann wenden Sie sich bitte telefonisch oder per [&hellip;]<\/p>\n","protected":false},"author":1,"featured_media":0,"parent":0,"menu_order":0,"comment_status":"closed","ping_status":"closed","template":"","meta":[],"_links":{"self":[{"href":"http:\/\/der-foerderverein-in-rostock.de\/index.php?rest_route=\/wp\/v2\/pages\/129"}],"collection":[{"href":"http:\/\/der-foerderverein-in-rostock.de\/index.php?rest_route=\/wp\/v2\/pages"}],"about":[{"href":"http:\/\/der-foerderverein-in-rostock.de\/index.php?rest_route=\/wp\/v2\/types\/page"}],"author":[{"embeddable":true,"href":"http:\/\/der-foerderverein-in-rostock.de\/index.php?rest_route=\/wp\/v2\/users\/1"}],"replies":[{"embeddable":true,"href":"http:\/\/der-foerderverein-in-rostock.de\/index.php?rest_route=%2Fwp%2Fv2%2Fcomments&post=129"}],"version-history":[{"count":17,"href":"http:\/\/der-foerderverein-in-rostock.de\/index.php?rest_route=\/wp\/v2\/pages\/129\/revisions"}],"predecessor-version":[{"id":751,"href":"http:\/\/der-foerderverein-in-rostock.de\/index.php?rest_route=\/wp\/v2\/pages\/129\/revisions\/751"}],"wp:attachment":[{"href":"http:\/\/der-foerderverein-in-rostock.de\/index.php?rest_route=%2Fwp%2Fv2%2Fmedia&parent=129"}],"curies":[{"name":"wp","href":"https:\/\/api.w.org\/{rel}","templated":true}]}}