{"id":135,"date":"2013-08-15T17:44:44","date_gmt":"2013-08-15T15:44:44","guid":{"rendered":"http:\/\/der-foerderverein-in-rostock.de\/?page_id=135"},"modified":"2023-12-17T11:21:56","modified_gmt":"2023-12-17T10:21:56","slug":"mitglied-werden","status":"publish","type":"page","link":"http:\/\/der-foerderverein-in-rostock.de\/?page_id=135","title":{"rendered":"Mitglied werden"},"content":{"rendered":"<p>Regul\u00e4res Mitglied im F\u00f6rderverein kann jeder werden, der das 18. Lebensjahr vollendet hat. F\u00fcr den Nachwuchsbereich bedeutet das, das die Eltern bzw. Erziehungsberechtigten f\u00fcr die zuk\u00fcnftigen Eishockeycracks diesen Part \u00fcbernehmen.<\/p>\n<p>Der Mitgliedsbeitrag betr\u00e4gt z.Zt. 5,00\u20ac\/Monat bzw. 60,00\u20ac\/j\u00e4hrlich oder 30,00\u20ac\/halbj\u00e4hrlich und wird per Lastschrift erhoben.<\/p>\n<p>Es besteht auch noch die M\u00f6glichkeit der F\u00f6rdermitgliedschaft. Auch hier betr\u00e4gt der Mindestbetragssatz 5,00\u20ac\/Monat oder mehr. Bitte kontaktieren Sie hierf\u00fcr ein <a title=\"Vorstand\" href=\"http:\/\/der-foerderverein-in-rostock.de\/?page_id=38\">Vorstandsmitglied.<\/a><\/p>\n<p>Und so gehts:<\/p>\n<ul>\n<li>Vorlage\/Formular downloaden bzw. mit dem Befehl &#8222;\u00d6ffnen mit&#8220; mit dem Acrobat Reader o.\u00e4. \u00f6ffnen<\/li>\n<li>ihre Daten eintragen<\/li>\n<li>die Unterlagen ausdrucken und unterzeichnen<\/li>\n<li>per Post (bitte ausreichend frankieren), per Fax (03212-1139847) oder Einscannen\/ per Mail an <span id=\"wpmt-240173-937627\">info@der-foerderverein-in-rostock.de<\/span> zur\u00fcck an uns<\/li>\n<\/ul>\n<p>[wpdm_package id=&#8217;829&#8242;]<\/p>\n\n\n<p><\/p>\n","protected":false},"excerpt":{"rendered":"<p>Regul\u00e4res Mitglied im F\u00f6rderverein kann jeder werden, der das 18. Lebensjahr vollendet hat. F\u00fcr den Nachwuchsbereich bedeutet das, das die Eltern bzw. Erziehungsberechtigten f\u00fcr die zuk\u00fcnftigen Eishockeycracks diesen Part \u00fcbernehmen. Der Mitgliedsbeitrag betr\u00e4gt z.Zt. 5,00\u20ac\/Monat bzw. 60,00\u20ac\/j\u00e4hrlich oder 30,00\u20ac\/halbj\u00e4hrlich und wird per Lastschrift erhoben. Es besteht auch noch die M\u00f6glichkeit der F\u00f6rdermitgliedschaft. Auch hier betr\u00e4gt [&hellip;]<\/p>\n","protected":false},"author":1,"featured_media":0,"parent":0,"menu_order":0,"comment_status":"closed","ping_status":"closed","template":"","meta":[],"_links":{"self":[{"href":"http:\/\/der-foerderverein-in-rostock.de\/index.php?rest_route=\/wp\/v2\/pages\/135"}],"collection":[{"href":"http:\/\/der-foerderverein-in-rostock.de\/index.php?rest_route=\/wp\/v2\/pages"}],"about":[{"href":"http:\/\/der-foerderverein-in-rostock.de\/index.php?rest_route=\/wp\/v2\/types\/page"}],"author":[{"embeddable":true,"href":"http:\/\/der-foerderverein-in-rostock.de\/index.php?rest_route=\/wp\/v2\/users\/1"}],"replies":[{"embeddable":true,"href":"http:\/\/der-foerderverein-in-rostock.de\/index.php?rest_route=%2Fwp%2Fv2%2Fcomments&post=135"}],"version-history":[{"count":14,"href":"http:\/\/der-foerderverein-in-rostock.de\/index.php?rest_route=\/wp\/v2\/pages\/135\/revisions"}],"predecessor-version":[{"id":836,"href":"http:\/\/der-foerderverein-in-rostock.de\/index.php?rest_route=\/wp\/v2\/pages\/135\/revisions\/836"}],"wp:attachment":[{"href":"http:\/\/der-foerderverein-in-rostock.de\/index.php?rest_route=%2Fwp%2Fv2%2Fmedia&parent=135"}],"curies":[{"name":"wp","href":"https:\/\/api.w.org\/{rel}","templated":true}]}}