{"id":35,"date":"2013-08-13T10:03:19","date_gmt":"2013-08-13T08:03:19","guid":{"rendered":"http:\/\/der-foerderverein-in-rostock.de\/?page_id=35"},"modified":"2013-08-15T17:57:38","modified_gmt":"2013-08-15T15:57:38","slug":"wir-ueber-uns","status":"publish","type":"page","link":"http:\/\/der-foerderverein-in-rostock.de\/?page_id=35","title":{"rendered":"Wir \u00fcber uns"},"content":{"rendered":"<p>Eine Gruppe von Rostocker Eishockeyenthusiasten gr\u00fcndete am 24.09.2001 den F\u00f6rderverein f\u00fcr den Rostocker Eishockeynachwuchs e.V.<\/p>\n<p>Ziel des Vereins ist es, zus\u00e4tzliche finanzielle und materielle Mittel f\u00fcr den Eishockeynachwuchs im Kinder- und Jugendbereich in der Hansestadt Rostock aufzubringen und somit den Eishockeysport zu f\u00f6rdern und zu entwickeln.<\/p>\n<p>Bekanntlich ist der Eishockeysport sehr kostenintensiv. Die Ausr\u00fcstung, selbst f\u00fcr die kleinsten zuk\u00fcnftigen Eishockeystars , verlangt von den Eltern einen tiefen Griff in die Haushaltskasse. Schnell kommen da ein paar hundert Euro zusammen.<\/p>\n<p>Hinzu kommen weitere \u00dcberlegungen:<\/p>\n<p>Wie lange h\u00e4lt die Begeisterung am Eishockeysport an?<br \/>\nNach 4 Wochen ist die Euphorie verflacht, das Kind findet Fu\u00dfball viel interessanter und zu guter Letzt liegt eine fast neue komplette Eishockeyausr\u00fcstung im Schrank, die selbst bei ebay schlecht zu verkaufen ist. Das ist in dem Alter der Kinder ganz normal und sorgt im Endeffekt nur f\u00fcr Platznot im Kinderzimmer.<\/p>\n<p>Wie lange h\u00e4lt meine Ausr\u00fcstung bzw. wie schnell w\u00e4chst mein Kind aus den Sachen heraus?<br \/>\nDas Wachstum der Kids ist selbst im Eishockeysport nicht aufzuhalten. Ruck zuck sind die Schlittschuhe zu klein, der Helm und die Schoner dr\u00fccken. J\u00e4hrlich neue Ausr\u00fcstungsgegenst\u00e4nde kaufen rei\u00dft ganz sch\u00f6ne L\u00f6cher ins private Budget<\/p>\n<p>Kosten f\u00fcr Ausw\u00e4rtsfahrten,Turniere und Trainingslager?<br \/>\nDie Unterst\u00fctzung seitens des Rostocker EC diesbez\u00fcglich ist gro\u00df. Leider sind jedoch f\u00fcr einen geringen Teil der Kosten die Eltern gefragt. Bei zahlreichen Ausw\u00e4rts-Turnieren in einer Saison ist schnell der finanzielle Spielraum ausgesch\u00f6pft.<\/p>\n<p>Genau dies sind die Ansatzpunkte f\u00fcr den F\u00f6rderverein um gemeinsam mit den F\u00f6rderern und Sponsoren den Start in den Eishockeysport zu erm\u00f6glichen.<\/p>\n<p>Der F\u00f6rderverein ist auf dem richtigen Weg, um f\u00fcr die o.g. Fragen und Probleme Entlastung zu schaffen. Der Vereinsbeitrag betr\u00e4gt 5,00\u20ac\/Monat. Ein aktives Mitglied hat die M\u00f6glichkeit f\u00fcr 40,00\u20ac\/Jahr eine komplette Eishockeyausr\u00fcstung f\u00fcr den Nachwuchsbereich zu mieten. Sind Ausr\u00fcstungsteile verschlissen oder hat der Eishockeyspross sich in Gr\u00f6\u00dfe und Breite ver\u00e4ndert, wird f\u00fcr entsprechenden Ersatz gesorgt. Dabei liegt grunds\u00e4tzlich das Augenmerk im Nachwuchsbereich.<\/p>\n<p>Engagiert t\u00e4tig ist der Verein auch bei der Planung und Umsetzung von Turnieren, Trainingslagern usw. Hier z\u00e4hlt nicht nur die finanzielle Unterst\u00fctzung, sondern auch die fachliche und sachliche Kompetenz des Vorstandes.<\/p>\n<p>Ziel ist es den Kufensport in der Hansestadt Rostock bzw. im Nordosten Deutschlands zu etablieren und als Breitensport jedem zug\u00e4nglich zu machen.<\/p>\n<p>Hierbei beschr\u00e4nkt sich die Unterst\u00fctzung satzungsgem\u00e4\u00df auf den Kinder- und Jugendbereich. Denn gerade hier ist es wichtig den zuk\u00fcnftigen Eishockey-Cracks und deren Sponsoren (Eltern) die \u201efinanzielle Angst&#8220; zu nehmen und den Weg in einen interessanten Sport zu ebnen.<\/p>\n<p>Die Mittel des F\u00f6rderverein zur Unterst\u00fctzung des Rostocker Eishockeynachwuchs ergeben sich einerseits aus Mitgliedsbeitr\u00e4gen bzw. Einnahmen aus der Vermietung von Ausr\u00fcstungen und andererseits aus Zuwendungen von F\u00f6rderern und Sponsoren.<\/p>\n<p>Daf\u00fcr brauchen wir Ihre tatkr\u00e4ftige Unterst\u00fctzung!<\/p>\n","protected":false},"excerpt":{"rendered":"<p>Eine Gruppe von Rostocker Eishockeyenthusiasten gr\u00fcndete am 24.09.2001 den F\u00f6rderverein f\u00fcr den Rostocker Eishockeynachwuchs e.V. Ziel des Vereins ist es, zus\u00e4tzliche finanzielle und materielle Mittel f\u00fcr den Eishockeynachwuchs im Kinder- und Jugendbereich in der Hansestadt Rostock aufzubringen und somit den Eishockeysport zu f\u00f6rdern und zu entwickeln. Bekanntlich ist der Eishockeysport sehr kostenintensiv. Die Ausr\u00fcstung, selbst [&hellip;]<\/p>\n","protected":false},"author":1,"featured_media":0,"parent":0,"menu_order":1,"comment_status":"closed","ping_status":"closed","template":"","meta":[],"_links":{"self":[{"href":"http:\/\/der-foerderverein-in-rostock.de\/index.php?rest_route=\/wp\/v2\/pages\/35"}],"collection":[{"href":"http:\/\/der-foerderverein-in-rostock.de\/index.php?rest_route=\/wp\/v2\/pages"}],"about":[{"href":"http:\/\/der-foerderverein-in-rostock.de\/index.php?rest_route=\/wp\/v2\/types\/page"}],"author":[{"embeddable":true,"href":"http:\/\/der-foerderverein-in-rostock.de\/index.php?rest_route=\/wp\/v2\/users\/1"}],"replies":[{"embeddable":true,"href":"http:\/\/der-foerderverein-in-rostock.de\/index.php?rest_route=%2Fwp%2Fv2%2Fcomments&post=35"}],"version-history":[{"count":3,"href":"http:\/\/der-foerderverein-in-rostock.de\/index.php?rest_route=\/wp\/v2\/pages\/35\/revisions"}],"predecessor-version":[{"id":140,"href":"http:\/\/der-foerderverein-in-rostock.de\/index.php?rest_route=\/wp\/v2\/pages\/35\/revisions\/140"}],"wp:attachment":[{"href":"http:\/\/der-foerderverein-in-rostock.de\/index.php?rest_route=%2Fwp%2Fv2%2Fmedia&parent=35"}],"curies":[{"name":"wp","href":"https:\/\/api.w.org\/{rel}","templated":true}]}}