{"id":87,"date":"2013-08-15T13:06:58","date_gmt":"2013-08-15T11:06:58","guid":{"rendered":"http:\/\/der-foerderverein-in-rostock.de\/?page_id=87"},"modified":"2023-12-17T11:23:43","modified_gmt":"2023-12-17T10:23:43","slug":"ausruestungsmiete","status":"publish","type":"page","link":"http:\/\/der-foerderverein-in-rostock.de\/?page_id=87","title":{"rendered":"Ausr\u00fcstungsmiete"},"content":{"rendered":"<p>Eine Mitgliedschaft im F\u00f6rderverein ist Grundvoraussetzung um eine Eishockeyausr\u00fcstung bzw. Ausr\u00fcstungsteile zu mieten. F\u00fcr unsere aktiven Mitglieder im Nachwuchsbereich ist dies der Einstieg, um \u00fcber den Verein eine komplette Eishockeyausr\u00fcstung oder entsprechende Ausr\u00fcstungsteile zu mieten.<\/p>\n<p>Die Mietgeb\u00fchr betr\u00e4gt z.Zt. 40.00\u20ac\/j\u00e4hrlich + einer einmaligen Kaution in H\u00f6he von 50,00\u20ac (wir bei Beendigung des Mietverh\u00e4ltnisses unter Auflagen zur\u00fcckgezahlt). Beides wird per Lastschrift erhoben.<\/p>\n<p>Das Mieten einer Eishockeyausr\u00fcstung vereint folgende Vorteile:<\/p>\n<ul>\n<li>keine Investition in private Ausr\u00fcstungen, aus denen die Kids relativ schnell herauswachsen<\/li>\n<li>einheitlicher Sicherheits-u. Ausr\u00fcstungsstandard<\/li>\n<li>Ersatz von Ausr\u00fcstungsgegenst\u00e4nden w\u00e4hrend der gesamten Mietphase (kaputt, zu klein usw.)<\/li>\n<li>immer ein kompetenter Ansprechpartner vor Ort (oder nach Terminvereinbarung), der stets eine L\u00f6sung findet<\/li>\n<\/ul>\n<p>Und so gehts:<\/p>\n<ul>\n<li>Vorlage\/Formular downloaden bzw. mit dem Befehl &#8222;\u00d6ffnen mit&#8220; mit dem Acrobat Reader o.\u00e4. \u00f6ffnen<\/li>\n<li>ihre Daten eintragen<\/li>\n<li>die Unterlagen ausdrucken und unterzeichnen<\/li>\n<li>per Post (bitte ausreichend frankieren), per Fax (03212-1139847) oder Einscannen\/ per Mail an info@der-foerderverein-in-rostock.de zur\u00fcck an uns<\/li>\n<\/ul>\n<p>[wpdm_package id=&#8217;828&#8242;]<\/p>\n","protected":false},"excerpt":{"rendered":"<p>Eine Mitgliedschaft im F\u00f6rderverein ist Grundvoraussetzung um eine Eishockeyausr\u00fcstung bzw. Ausr\u00fcstungsteile zu mieten. F\u00fcr unsere aktiven Mitglieder im Nachwuchsbereich ist dies der Einstieg, um \u00fcber den Verein eine komplette Eishockeyausr\u00fcstung oder entsprechende Ausr\u00fcstungsteile zu mieten. Die Mietgeb\u00fchr betr\u00e4gt z.Zt. 40.00\u20ac\/j\u00e4hrlich + einer einmaligen Kaution in H\u00f6he von 50,00\u20ac (wir bei Beendigung des Mietverh\u00e4ltnisses unter Auflagen [&hellip;]<\/p>\n","protected":false},"author":1,"featured_media":0,"parent":83,"menu_order":0,"comment_status":"closed","ping_status":"closed","template":"","meta":[],"_links":{"self":[{"href":"http:\/\/der-foerderverein-in-rostock.de\/index.php?rest_route=\/wp\/v2\/pages\/87"}],"collection":[{"href":"http:\/\/der-foerderverein-in-rostock.de\/index.php?rest_route=\/wp\/v2\/pages"}],"about":[{"href":"http:\/\/der-foerderverein-in-rostock.de\/index.php?rest_route=\/wp\/v2\/types\/page"}],"author":[{"embeddable":true,"href":"http:\/\/der-foerderverein-in-rostock.de\/index.php?rest_route=\/wp\/v2\/users\/1"}],"replies":[{"embeddable":true,"href":"http:\/\/der-foerderverein-in-rostock.de\/index.php?rest_route=%2Fwp%2Fv2%2Fcomments&post=87"}],"version-history":[{"count":12,"href":"http:\/\/der-foerderverein-in-rostock.de\/index.php?rest_route=\/wp\/v2\/pages\/87\/revisions"}],"predecessor-version":[{"id":837,"href":"http:\/\/der-foerderverein-in-rostock.de\/index.php?rest_route=\/wp\/v2\/pages\/87\/revisions\/837"}],"up":[{"embeddable":true,"href":"http:\/\/der-foerderverein-in-rostock.de\/index.php?rest_route=\/wp\/v2\/pages\/83"}],"wp:attachment":[{"href":"http:\/\/der-foerderverein-in-rostock.de\/index.php?rest_route=%2Fwp%2Fv2%2Fmedia&parent=87"}],"curies":[{"name":"wp","href":"https:\/\/api.w.org\/{rel}","templated":true}]}}